{"id":917,"date":"2021-12-22T13:25:09","date_gmt":"2021-12-22T13:25:09","guid":{"rendered":"https:\/\/greenkatkikimyevi.com.tr\/insan-kaynaklari\/"},"modified":"2021-12-22T13:25:09","modified_gmt":"2021-12-22T13:25:09","slug":"insan-kaynaklari","status":"publish","type":"page","link":"https:\/\/www.greenkatkikimyevi.com.tr\/en\/insan-kaynaklari\/","title":{"rendered":"\u0130nsan Kaynaklar\u0131"},"content":{"rendered":"<style>\/*! elementor - v3.5.1 - 20-12-2021 *\/\n.elementor-heading-title{padding:0;margin:0;line-height:1}.elementor-widget-heading .elementor-heading-title[class*=elementor-size-]>a{color:inherit;font-size:inherit;line-height:inherit}.elementor-widget-heading .elementor-heading-title.elementor-size-small{font-size:15px}.elementor-widget-heading .elementor-heading-title.elementor-size-medium{font-size:19px}.elementor-widget-heading .elementor-heading-title.elementor-size-large{font-size:29px}.elementor-widget-heading .elementor-heading-title.elementor-size-xl{font-size:39px}.elementor-widget-heading .elementor-heading-title.elementor-size-xxl{font-size:59px}<\/style>\n<h1>\u0130nsan Kaynaklar\u0131<\/h1>\n<p>\t\t\tVar olanla yetinmeyen, s\u00fcrekli geli\u015fime ve de\u011fi\u015fime inanan bir firma olarak, b\u00fcnyemizdeki uluslararas\u0131 ekibimize bizlerle bu vizyonumuzu payla\u015facak \u00e7al\u0131\u015fma arkada\u015flar\u0131 katmay\u0131 hedefliyoruz.<\/p>\n<p>Siz de ekibimizin bir par\u00e7as\u0131 olmak istiyorsan\u0131z l\u00fctfen formu doldurun.\t\t<\/p>\n<h3>Haber B\u00fcltenimize Abone Olun<\/h3>\n","protected":false},"excerpt":{"rendered":"<p>\u0130nsan Kaynaklar\u0131 Var olanla yetinmeyen, s\u00fcrekli geli\u015fime ve de\u011fi\u015fime inanan bir firma olarak, b\u00fcnyemizdeki uluslararas\u0131 ekibimize bizlerle bu vizyonumuzu payla\u015facak \u00e7al\u0131\u015fma arkada\u015flar\u0131 katmay\u0131 hedefliyoruz. Siz de ekibimizin bir par\u00e7as\u0131 olmak istiyorsan\u0131z l\u00fctfen formu doldurun. Haber B\u00fcltenimize Abone Olun<\/p>\n","protected":false},"author":1,"featured_media":0,"parent":0,"menu_order":0,"comment_status":"closed","ping_status":"closed","template":"","meta":{"inline_featured_image":false,"footnotes":""},"class_list":["post-917","page","type-page","status-publish","hentry"],"yoast_head":"<!-- This site is optimized with the Yoast SEO plugin v25.4 - https:\/\/yoast.com\/wordpress\/plugins\/seo\/ -->\n<title>\u0130nsan Kaynaklar\u0131 - Green Katk\u0131 Kimyevi<\/title>\n<meta name=\"robots\" content=\"index, follow, max-snippet:-1, max-image-preview:large, max-video-preview:-1\" \/>\n<link rel=\"canonical\" href=\"https:\/\/www.greenkatkikimyevi.com.tr\/en\/insan-kaynaklari\/\" \/>\n<meta property=\"og:locale\" content=\"en_US\" \/>\n<meta property=\"og:type\" content=\"article\" \/>\n<meta property=\"og:title\" content=\"\u0130nsan Kaynaklar\u0131 - Green Katk\u0131 Kimyevi\" \/>\n<meta property=\"og:description\" content=\"\u0130nsan Kaynaklar\u0131 Var olanla yetinmeyen, s\u00fcrekli geli\u015fime ve de\u011fi\u015fime inanan bir firma olarak, b\u00fcnyemizdeki uluslararas\u0131 ekibimize bizlerle bu vizyonumuzu payla\u015facak \u00e7al\u0131\u015fma arkada\u015flar\u0131 katmay\u0131 hedefliyoruz. Siz de ekibimizin bir par\u00e7as\u0131 olmak istiyorsan\u0131z l\u00fctfen formu doldurun. Haber B\u00fcltenimize Abone Olun\" \/>\n<meta property=\"og:url\" content=\"https:\/\/www.greenkatkikimyevi.com.tr\/en\/insan-kaynaklari\/\" \/>\n<meta property=\"og:site_name\" content=\"Green Katk\u0131 Kimyevi\" \/>\n<meta name=\"twitter:card\" content=\"summary_large_image\" \/>\n<script type=\"application\/ld+json\" class=\"yoast-schema-graph\">{\"@context\":\"https:\/\/schema.org\",\"@graph\":[{\"@type\":\"WebPage\",\"@id\":\"https:\/\/www.greenkatkikimyevi.com.tr\/en\/insan-kaynaklari\/\",\"url\":\"https:\/\/www.greenkatkikimyevi.com.tr\/en\/insan-kaynaklari\/\",\"name\":\"\u0130nsan Kaynaklar\u0131 - Green Katk\u0131 Kimyevi\",\"isPartOf\":{\"@id\":\"https:\/\/www.greenkatkikimyevi.com.tr\/en\/#website\"},\"datePublished\":\"2021-12-22T13:25:09+00:00\",\"breadcrumb\":{\"@id\":\"https:\/\/www.greenkatkikimyevi.com.tr\/en\/insan-kaynaklari\/#breadcrumb\"},\"inLanguage\":\"en-US\",\"potentialAction\":[{\"@type\":\"ReadAction\",\"target\":[\"https:\/\/www.greenkatkikimyevi.com.tr\/en\/insan-kaynaklari\/\"]}]},{\"@type\":\"BreadcrumbList\",\"@id\":\"https:\/\/www.greenkatkikimyevi.com.tr\/en\/insan-kaynaklari\/#breadcrumb\",\"itemListElement\":[{\"@type\":\"ListItem\",\"position\":1,\"name\":\"Anasayfa\",\"item\":\"https:\/\/www.greenkatkikimyevi.com.tr\/en\/home-page\/\"},{\"@type\":\"ListItem\",\"position\":2,\"name\":\"\u0130nsan Kaynaklar\u0131\"}]},{\"@type\":\"WebSite\",\"@id\":\"https:\/\/www.greenkatkikimyevi.com.tr\/en\/#website\",\"url\":\"https:\/\/www.greenkatkikimyevi.com.tr\/en\/\",\"name\":\"Green Katk\u0131 Kimyevi\",\"description\":\"Pvc Kimyasallar\u0131\",\"publisher\":{\"@id\":\"https:\/\/www.greenkatkikimyevi.com.tr\/en\/#organization\"},\"potentialAction\":[{\"@type\":\"SearchAction\",\"target\":{\"@type\":\"EntryPoint\",\"urlTemplate\":\"https:\/\/www.greenkatkikimyevi.com.tr\/en\/?s={search_term_string}\"},\"query-input\":{\"@type\":\"PropertyValueSpecification\",\"valueRequired\":true,\"valueName\":\"search_term_string\"}}],\"inLanguage\":\"en-US\"},{\"@type\":\"Organization\",\"@id\":\"https:\/\/www.greenkatkikimyevi.com.tr\/en\/#organization\",\"name\":\"Green Katk\u0131 Kimyevi\",\"url\":\"https:\/\/www.greenkatkikimyevi.com.tr\/en\/\",\"logo\":{\"@type\":\"ImageObject\",\"inLanguage\":\"en-US\",\"@id\":\"https:\/\/www.greenkatkikimyevi.com.tr\/en\/#\/schema\/logo\/image\/\",\"url\":\"https:\/\/www.greenkatkikimyevi.com.tr\/wp-content\/uploads\/2021\/12\/WhatsApp-Image-2021-12-06-at-15.52.37.jpeg\",\"contentUrl\":\"https:\/\/www.greenkatkikimyevi.com.tr\/wp-content\/uploads\/2021\/12\/WhatsApp-Image-2021-12-06-at-15.52.37.jpeg\",\"width\":936,\"height\":436,\"caption\":\"Green Katk\u0131 Kimyevi\"},\"image\":{\"@id\":\"https:\/\/www.greenkatkikimyevi.com.tr\/en\/#\/schema\/logo\/image\/\"}}]}<\/script>\n<!-- \/ Yoast SEO plugin. -->","yoast_head_json":{"title":"\u0130nsan Kaynaklar\u0131 - Green Katk\u0131 Kimyevi","robots":{"index":"index","follow":"follow","max-snippet":"max-snippet:-1","max-image-preview":"max-image-preview:large","max-video-preview":"max-video-preview:-1"},"canonical":"https:\/\/www.greenkatkikimyevi.com.tr\/en\/insan-kaynaklari\/","og_locale":"en_US","og_type":"article","og_title":"\u0130nsan Kaynaklar\u0131 - Green Katk\u0131 Kimyevi","og_description":"\u0130nsan Kaynaklar\u0131 Var olanla yetinmeyen, s\u00fcrekli geli\u015fime ve de\u011fi\u015fime inanan bir firma olarak, b\u00fcnyemizdeki uluslararas\u0131 ekibimize bizlerle bu vizyonumuzu payla\u015facak \u00e7al\u0131\u015fma arkada\u015flar\u0131 katmay\u0131 hedefliyoruz. Siz de ekibimizin bir par\u00e7as\u0131 olmak istiyorsan\u0131z l\u00fctfen formu doldurun. Haber B\u00fcltenimize Abone Olun","og_url":"https:\/\/www.greenkatkikimyevi.com.tr\/en\/insan-kaynaklari\/","og_site_name":"Green Katk\u0131 Kimyevi","twitter_card":"summary_large_image","schema":{"@context":"https:\/\/schema.org","@graph":[{"@type":"WebPage","@id":"https:\/\/www.greenkatkikimyevi.com.tr\/en\/insan-kaynaklari\/","url":"https:\/\/www.greenkatkikimyevi.com.tr\/en\/insan-kaynaklari\/","name":"\u0130nsan Kaynaklar\u0131 - Green Katk\u0131 Kimyevi","isPartOf":{"@id":"https:\/\/www.greenkatkikimyevi.com.tr\/en\/#website"},"datePublished":"2021-12-22T13:25:09+00:00","breadcrumb":{"@id":"https:\/\/www.greenkatkikimyevi.com.tr\/en\/insan-kaynaklari\/#breadcrumb"},"inLanguage":"en-US","potentialAction":[{"@type":"ReadAction","target":["https:\/\/www.greenkatkikimyevi.com.tr\/en\/insan-kaynaklari\/"]}]},{"@type":"BreadcrumbList","@id":"https:\/\/www.greenkatkikimyevi.com.tr\/en\/insan-kaynaklari\/#breadcrumb","itemListElement":[{"@type":"ListItem","position":1,"name":"Anasayfa","item":"https:\/\/www.greenkatkikimyevi.com.tr\/en\/home-page\/"},{"@type":"ListItem","position":2,"name":"\u0130nsan Kaynaklar\u0131"}]},{"@type":"WebSite","@id":"https:\/\/www.greenkatkikimyevi.com.tr\/en\/#website","url":"https:\/\/www.greenkatkikimyevi.com.tr\/en\/","name":"Green Katk\u0131 Kimyevi","description":"Pvc Kimyasallar\u0131","publisher":{"@id":"https:\/\/www.greenkatkikimyevi.com.tr\/en\/#organization"},"potentialAction":[{"@type":"SearchAction","target":{"@type":"EntryPoint","urlTemplate":"https:\/\/www.greenkatkikimyevi.com.tr\/en\/?s={search_term_string}"},"query-input":{"@type":"PropertyValueSpecification","valueRequired":true,"valueName":"search_term_string"}}],"inLanguage":"en-US"},{"@type":"Organization","@id":"https:\/\/www.greenkatkikimyevi.com.tr\/en\/#organization","name":"Green Katk\u0131 Kimyevi","url":"https:\/\/www.greenkatkikimyevi.com.tr\/en\/","logo":{"@type":"ImageObject","inLanguage":"en-US","@id":"https:\/\/www.greenkatkikimyevi.com.tr\/en\/#\/schema\/logo\/image\/","url":"https:\/\/www.greenkatkikimyevi.com.tr\/wp-content\/uploads\/2021\/12\/WhatsApp-Image-2021-12-06-at-15.52.37.jpeg","contentUrl":"https:\/\/www.greenkatkikimyevi.com.tr\/wp-content\/uploads\/2021\/12\/WhatsApp-Image-2021-12-06-at-15.52.37.jpeg","width":936,"height":436,"caption":"Green Katk\u0131 Kimyevi"},"image":{"@id":"https:\/\/www.greenkatkikimyevi.com.tr\/en\/#\/schema\/logo\/image\/"}}]}},"_links":{"self":[{"href":"https:\/\/www.greenkatkikimyevi.com.tr\/en\/wp-json\/wp\/v2\/pages\/917","targetHints":{"allow":["GET"]}}],"collection":[{"href":"https:\/\/www.greenkatkikimyevi.com.tr\/en\/wp-json\/wp\/v2\/pages"}],"about":[{"href":"https:\/\/www.greenkatkikimyevi.com.tr\/en\/wp-json\/wp\/v2\/types\/page"}],"author":[{"embeddable":true,"href":"https:\/\/www.greenkatkikimyevi.com.tr\/en\/wp-json\/wp\/v2\/users\/1"}],"replies":[{"embeddable":true,"href":"https:\/\/www.greenkatkikimyevi.com.tr\/en\/wp-json\/wp\/v2\/comments?post=917"}],"version-history":[{"count":0,"href":"https:\/\/www.greenkatkikimyevi.com.tr\/en\/wp-json\/wp\/v2\/pages\/917\/revisions"}],"wp:attachment":[{"href":"https:\/\/www.greenkatkikimyevi.com.tr\/en\/wp-json\/wp\/v2\/media?parent=917"}],"curies":[{"name":"wp","href":"https:\/\/api.w.org\/{rel}","templated":true}]}}